{"id":1674,"date":"2021-12-10T15:16:49","date_gmt":"2021-12-10T14:16:49","guid":{"rendered":"https:\/\/anirabehotels.com\/?page_id=1674"},"modified":"2023-03-17T18:31:47","modified_gmt":"2023-03-17T17:31:47","slug":"noticias-anirabe","status":"publish","type":"page","link":"https:\/\/anirabehotels.com\/es\/noticias-anirabe\/","title":{"rendered":"Noticias de Anir\u00e0b\u00e9"},"content":{"rendered":"\t\t<div data-elementor-type=\"wp-page\" data-elementor-id=\"1674\" class=\"elementor elementor-1674\" data-elementor-post-type=\"page\">\n\t\t\t\t\t\t<section class=\"elementor-section elementor-top-section elementor-element elementor-element-1cf3763 elementor-section-height-min-height elementor-section-boxed elementor-section-height-default elementor-section-items-middle\" data-id=\"1cf3763\" data-element_type=\"section\" data-e-type=\"section\" data-settings=\"{&quot;background_background&quot;:&quot;classic&quot;}\">\n\t\t\t\t\t\t<div class=\"elementor-container elementor-column-gap-default\">\n\t\t\t\t\t<div class=\"elementor-column elementor-col-33 elementor-top-column elementor-element elementor-element-44cc2d6\" data-id=\"44cc2d6\" data-element_type=\"column\" data-e-type=\"column\">\n\t\t\t<div class=\"elementor-widget-wrap\">\n\t\t\t\t\t\t\t<\/div>\n\t\t<\/div>\n\t\t\t\t<div class=\"elementor-column elementor-col-33 elementor-top-column elementor-element elementor-element-4831d6b\" data-id=\"4831d6b\" data-element_type=\"column\" data-e-type=\"column\">\n\t\t\t<div class=\"elementor-widget-wrap elementor-element-populated\">\n\t\t\t\t\t\t<div class=\"elementor-element elementor-element-3b86683 elementor-widget elementor-widget-heading\" data-id=\"3b86683\" data-element_type=\"widget\" data-e-type=\"widget\" data-widget_type=\"heading.default\">\n\t\t\t\t<div class=\"elementor-widget-container\">\n\t\t\t\t\t<h1 class=\"elementor-heading-title elementor-size-default\">Novedades<\/h1>\t\t\t\t<\/div>\n\t\t\t\t<\/div>\n\t\t\t\t\t<\/div>\n\t\t<\/div>\n\t\t\t\t<div class=\"elementor-column elementor-col-33 elementor-top-column elementor-element elementor-element-beb4964\" data-id=\"beb4964\" data-element_type=\"column\" data-e-type=\"column\">\n\t\t\t<div class=\"elementor-widget-wrap\">\n\t\t\t\t\t\t\t<\/div>\n\t\t<\/div>\n\t\t\t\t\t<\/div>\n\t\t<\/section>\n\t\t\t\t<section class=\"elementor-section elementor-top-section elementor-element elementor-element-4f8b4de elementor-section-boxed elementor-section-height-default elementor-section-height-default\" data-id=\"4f8b4de\" data-element_type=\"section\" data-e-type=\"section\">\n\t\t\t\t\t\t<div class=\"elementor-container elementor-column-gap-default\">\n\t\t\t\t\t<div class=\"elementor-column elementor-col-100 elementor-top-column elementor-element elementor-element-fac8844\" data-id=\"fac8844\" data-element_type=\"column\" data-e-type=\"column\">\n\t\t\t<div class=\"elementor-widget-wrap elementor-element-populated\">\n\t\t\t\t\t\t<div class=\"elementor-element elementor-element-104d819 elementor-widget-divider--view-line elementor-widget elementor-widget-divider\" data-id=\"104d819\" data-element_type=\"widget\" data-e-type=\"widget\" data-widget_type=\"divider.default\">\n\t\t\t\t<div class=\"elementor-widget-container\">\n\t\t\t\t\t\t\t<div class=\"elementor-divider\">\n\t\t\t<span class=\"elementor-divider-separator\">\n\t\t\t\t\t\t<\/span>\n\t\t<\/div>\n\t\t\t\t\t\t<\/div>\n\t\t\t\t<\/div>\n\t\t\t\t\t<\/div>\n\t\t<\/div>\n\t\t\t\t\t<\/div>\n\t\t<\/section>\n\t\t\t\t<section class=\"elementor-section elementor-top-section elementor-element elementor-element-a82274d elementor-section-boxed elementor-section-height-default elementor-section-height-default\" data-id=\"a82274d\" data-element_type=\"section\" data-e-type=\"section\">\n\t\t\t\t\t\t<div class=\"elementor-container elementor-column-gap-default\">\n\t\t\t\t\t<div class=\"elementor-column elementor-col-100 elementor-top-column elementor-element elementor-element-1ff3d46\" data-id=\"1ff3d46\" data-element_type=\"column\" data-e-type=\"column\">\n\t\t\t<div class=\"elementor-widget-wrap elementor-element-populated\">\n\t\t\t\t\t\t<div class=\"elementor-element elementor-element-4d4dab2 elementor-widget elementor-widget-heading\" data-id=\"4d4dab2\" data-element_type=\"widget\" data-e-type=\"widget\" data-widget_type=\"heading.default\">\n\t\t\t\t<div class=\"elementor-widget-container\">\n\t\t\t\t\t<h2 class=\"elementor-heading-title elementor-size-xl\">Nuestras \u00faltimas noticias y novedades<\/h2>\t\t\t\t<\/div>\n\t\t\t\t<\/div>\n\t\t\t\t\t<\/div>\n\t\t<\/div>\n\t\t\t\t\t<\/div>\n\t\t<\/section>\n\t\t\t\t<section class=\"elementor-section elementor-top-section elementor-element elementor-element-0d36914 elementor-section-boxed elementor-section-height-default elementor-section-height-default\" data-id=\"0d36914\" data-element_type=\"section\" data-e-type=\"section\">\n\t\t\t\t\t\t<div class=\"elementor-container elementor-column-gap-default\">\n\t\t\t\t\t<div class=\"elementor-column elementor-col-100 elementor-top-column elementor-element elementor-element-23b2a94\" data-id=\"23b2a94\" data-element_type=\"column\" data-e-type=\"column\">\n\t\t\t<div class=\"elementor-widget-wrap elementor-element-populated\">\n\t\t\t\t\t\t<div class=\"elementor-element elementor-element-7be21e5 elementor-grid-3 elementor-grid-tablet-2 elementor-grid-mobile-1 elementor-posts--thumbnail-top elementor-card-shadow-yes elementor-posts__hover-gradient elementor-widget elementor-widget-posts\" data-id=\"7be21e5\" data-element_type=\"widget\" data-e-type=\"widget\" data-settings=\"{&quot;cards_columns&quot;:&quot;3&quot;,&quot;cards_columns_tablet&quot;:&quot;2&quot;,&quot;cards_columns_mobile&quot;:&quot;1&quot;,&quot;cards_row_gap&quot;:{&quot;unit&quot;:&quot;px&quot;,&quot;size&quot;:35,&quot;sizes&quot;:[]},&quot;cards_row_gap_laptop&quot;:{&quot;unit&quot;:&quot;px&quot;,&quot;size&quot;:&quot;&quot;,&quot;sizes&quot;:[]},&quot;cards_row_gap_tablet&quot;:{&quot;unit&quot;:&quot;px&quot;,&quot;size&quot;:&quot;&quot;,&quot;sizes&quot;:[]},&quot;cards_row_gap_mobile&quot;:{&quot;unit&quot;:&quot;px&quot;,&quot;size&quot;:&quot;&quot;,&quot;sizes&quot;:[]}}\" data-widget_type=\"posts.cards\">\n\t\t\t\t<div class=\"elementor-widget-container\">\n\t\t\t\t\t\t\t<div class=\"elementor-posts-container elementor-posts elementor-posts--skin-cards elementor-grid\" role=\"list\">\n\t\t\t\t<article class=\"elementor-post elementor-grid-item post-4275 post type-post status-publish format-standard has-post-thumbnail hentry category-posts\" role=\"listitem\">\n\t\t\t<div class=\"elementor-post__card\">\n\t\t\t\t<a class=\"elementor-post__thumbnail__link\" href=\"https:\/\/anirabehotels.com\/es\/una-escapada-en-mayo-a-menorca\/\" tabindex=\"-1\" ><div class=\"elementor-post__thumbnail\"><img fetchpriority=\"high\" decoding=\"async\" width=\"300\" height=\"201\" src=\"https:\/\/anirabehotels.com\/es\/wp-content\/uploads\/sites\/8\/kayak_Menorca-300x201.jpg\" class=\"attachment-medium size-medium wp-image-4277\" alt=\"Piraguas Menorca\" srcset=\"https:\/\/anirabehotels.com\/es\/wp-content\/uploads\/sites\/8\/kayak_Menorca-300x201.jpg 300w, https:\/\/anirabehotels.com\/es\/wp-content\/uploads\/sites\/8\/kayak_Menorca.jpg 650w\" sizes=\"(max-width: 300px) 100vw, 300px\" \/><\/div><\/a>\n\t\t\t\t<div class=\"elementor-post__text\">\n\t\t\t\t<h3 class=\"elementor-post__title\">\n\t\t\t<a href=\"https:\/\/anirabehotels.com\/es\/una-escapada-en-mayo-a-menorca\/\" >\n\t\t\t\tUna escapada en Mayo a Menorca\t\t\t<\/a>\n\t\t<\/h3>\n\t\t\t\t<div class=\"elementor-post__excerpt\">\n\t\t\t\t\t<\/div>\n\t\t\n\t\t<a class=\"elementor-post__read-more\" href=\"https:\/\/anirabehotels.com\/es\/una-escapada-en-mayo-a-menorca\/\" aria-label=\"M\u00e1s informaci\u00f3n sobre Una escapada en Mayo a Menorca\" tabindex=\"-1\" >\n\t\t\tLeer M\u00e1s &gt;&gt;\t\t<\/a>\n\n\t\t\t\t<\/div>\n\t\t\t\t\t<\/div>\n\t\t<\/article>\n\t\t\t\t<article class=\"elementor-post elementor-grid-item post-4267 post type-post status-publish format-standard has-post-thumbnail hentry category-posts\" role=\"listitem\">\n\t\t\t<div class=\"elementor-post__card\">\n\t\t\t\t<a class=\"elementor-post__thumbnail__link\" href=\"https:\/\/anirabehotels.com\/es\/el-ginet-de-menorca\/\" tabindex=\"-1\" ><div class=\"elementor-post__thumbnail\"><img decoding=\"async\" width=\"300\" height=\"125\" src=\"https:\/\/anirabehotels.com\/es\/wp-content\/uploads\/sites\/8\/Gin-Xoriguer-Mahon-300x125.jpg\" class=\"attachment-medium size-medium wp-image-4268\" alt=\"Ginebra Xoriguer\" srcset=\"https:\/\/anirabehotels.com\/es\/wp-content\/uploads\/sites\/8\/Gin-Xoriguer-Mahon-300x125.jpg 300w, https:\/\/anirabehotels.com\/es\/wp-content\/uploads\/sites\/8\/Gin-Xoriguer-Mahon-768x320.jpg 768w, https:\/\/anirabehotels.com\/es\/wp-content\/uploads\/sites\/8\/Gin-Xoriguer-Mahon.jpg 900w\" sizes=\"(max-width: 300px) 100vw, 300px\" \/><\/div><\/a>\n\t\t\t\t<div class=\"elementor-post__text\">\n\t\t\t\t<h3 class=\"elementor-post__title\">\n\t\t\t<a href=\"https:\/\/anirabehotels.com\/es\/el-ginet-de-menorca\/\" >\n\t\t\t\tEl ginet de Menorca\t\t\t<\/a>\n\t\t<\/h3>\n\t\t\t\t<div class=\"elementor-post__excerpt\">\n\t\t\t\t\t<\/div>\n\t\t\n\t\t<a class=\"elementor-post__read-more\" href=\"https:\/\/anirabehotels.com\/es\/el-ginet-de-menorca\/\" aria-label=\"M\u00e1s informaci\u00f3n sobre El ginet de Menorca\" tabindex=\"-1\" >\n\t\t\tLeer M\u00e1s &gt;&gt;\t\t<\/a>\n\n\t\t\t\t<\/div>\n\t\t\t\t\t<\/div>\n\t\t<\/article>\n\t\t\t\t<article class=\"elementor-post elementor-grid-item post-4220 post type-post status-publish format-standard has-post-thumbnail hentry category-posts\" role=\"listitem\">\n\t\t\t<div class=\"elementor-post__card\">\n\t\t\t\t<a class=\"elementor-post__thumbnail__link\" href=\"https:\/\/anirabehotels.com\/es\/los-quesos-de-menorca-una-delicia-imprescindible\/\" tabindex=\"-1\" ><div class=\"elementor-post__thumbnail\"><img decoding=\"async\" width=\"300\" height=\"199\" src=\"https:\/\/anirabehotels.com\/es\/wp-content\/uploads\/sites\/8\/FORMAGGIO-MINORCA-300x199.jpg\" class=\"attachment-medium size-medium wp-image-4222\" alt=\"Quesos Menorca\" srcset=\"https:\/\/anirabehotels.com\/es\/wp-content\/uploads\/sites\/8\/FORMAGGIO-MINORCA-300x199.jpg 300w, https:\/\/anirabehotels.com\/es\/wp-content\/uploads\/sites\/8\/FORMAGGIO-MINORCA-768x510.jpg 768w, https:\/\/anirabehotels.com\/es\/wp-content\/uploads\/sites\/8\/FORMAGGIO-MINORCA.jpg 1000w\" sizes=\"(max-width: 300px) 100vw, 300px\" \/><\/div><\/a>\n\t\t\t\t<div class=\"elementor-post__text\">\n\t\t\t\t<h3 class=\"elementor-post__title\">\n\t\t\t<a href=\"https:\/\/anirabehotels.com\/es\/los-quesos-de-menorca-una-delicia-imprescindible\/\" >\n\t\t\t\tLos quesos de Menorca: una delicia imprescindible.\t\t\t<\/a>\n\t\t<\/h3>\n\t\t\t\t<div class=\"elementor-post__excerpt\">\n\t\t\t\t\t<\/div>\n\t\t\n\t\t<a class=\"elementor-post__read-more\" href=\"https:\/\/anirabehotels.com\/es\/los-quesos-de-menorca-una-delicia-imprescindible\/\" aria-label=\"M\u00e1s informaci\u00f3n sobre Los quesos de Menorca: una delicia imprescindible.\" tabindex=\"-1\" >\n\t\t\tLeer M\u00e1s &gt;&gt;\t\t<\/a>\n\n\t\t\t\t<\/div>\n\t\t\t\t\t<\/div>\n\t\t<\/article>\n\t\t\t\t<article class=\"elementor-post elementor-grid-item post-4206 post type-post status-publish format-standard has-post-thumbnail hentry category-posts\" role=\"listitem\">\n\t\t\t<div class=\"elementor-post__card\">\n\t\t\t\t<a class=\"elementor-post__thumbnail__link\" href=\"https:\/\/anirabehotels.com\/es\/mas-alla-del-verano-menorquin\/\" tabindex=\"-1\" ><div class=\"elementor-post__thumbnail\"><img loading=\"lazy\" decoding=\"async\" width=\"300\" height=\"240\" src=\"https:\/\/anirabehotels.com\/es\/wp-content\/uploads\/sites\/8\/estelblanc_basica_b-300x240.jpg\" class=\"attachment-medium size-medium wp-image-4021\" alt=\"estelblanc basica b\" srcset=\"https:\/\/anirabehotels.com\/es\/wp-content\/uploads\/sites\/8\/estelblanc_basica_b-300x240.jpg 300w, https:\/\/anirabehotels.com\/es\/wp-content\/uploads\/sites\/8\/estelblanc_basica_b-768x614.jpg 768w, https:\/\/anirabehotels.com\/es\/wp-content\/uploads\/sites\/8\/estelblanc_basica_b.jpg 1000w\" sizes=\"(max-width: 300px) 100vw, 300px\" \/><\/div><\/a>\n\t\t\t\t<div class=\"elementor-post__text\">\n\t\t\t\t<h3 class=\"elementor-post__title\">\n\t\t\t<a href=\"https:\/\/anirabehotels.com\/es\/mas-alla-del-verano-menorquin\/\" >\n\t\t\t\tM\u00e1s all\u00e1 del verano menorqu\u00edn\t\t\t<\/a>\n\t\t<\/h3>\n\t\t\t\t<div class=\"elementor-post__excerpt\">\n\t\t\t\t\t<\/div>\n\t\t\n\t\t<a class=\"elementor-post__read-more\" href=\"https:\/\/anirabehotels.com\/es\/mas-alla-del-verano-menorquin\/\" aria-label=\"M\u00e1s informaci\u00f3n sobre M\u00e1s all\u00e1 del verano menorqu\u00edn\" tabindex=\"-1\" >\n\t\t\tLeer M\u00e1s &gt;&gt;\t\t<\/a>\n\n\t\t\t\t<\/div>\n\t\t\t\t\t<\/div>\n\t\t<\/article>\n\t\t\t\t<article class=\"elementor-post elementor-grid-item post-1671 post type-post status-publish format-standard has-post-thumbnail hentry category-posts\" role=\"listitem\">\n\t\t\t<div class=\"elementor-post__card\">\n\t\t\t\t<a class=\"elementor-post__thumbnail__link\" href=\"https:\/\/anirabehotels.com\/es\/menorca-un-inesperado-paraiso-enologico\/\" tabindex=\"-1\" ><div class=\"elementor-post__thumbnail\"><img loading=\"lazy\" decoding=\"async\" width=\"300\" height=\"240\" src=\"https:\/\/anirabehotels.com\/es\/wp-content\/uploads\/sites\/8\/anirabe_blog_c-300x240.jpg\" class=\"attachment-medium size-medium wp-image-3555\" alt=\"anirabe blog c\" srcset=\"https:\/\/anirabehotels.com\/es\/wp-content\/uploads\/sites\/8\/anirabe_blog_c-300x240.jpg 300w, https:\/\/anirabehotels.com\/es\/wp-content\/uploads\/sites\/8\/anirabe_blog_c-768x614.jpg 768w, https:\/\/anirabehotels.com\/es\/wp-content\/uploads\/sites\/8\/anirabe_blog_c.jpg 1000w\" sizes=\"(max-width: 300px) 100vw, 300px\" \/><\/div><\/a>\n\t\t\t\t<div class=\"elementor-post__text\">\n\t\t\t\t<h3 class=\"elementor-post__title\">\n\t\t\t<a href=\"https:\/\/anirabehotels.com\/es\/menorca-un-inesperado-paraiso-enologico\/\" >\n\t\t\t\tMenorca, un inesperado para\u00edso enol\u00f3gico\t\t\t<\/a>\n\t\t<\/h3>\n\t\t\t\t<div class=\"elementor-post__excerpt\">\n\t\t\t\t\t<\/div>\n\t\t\n\t\t<a class=\"elementor-post__read-more\" href=\"https:\/\/anirabehotels.com\/es\/menorca-un-inesperado-paraiso-enologico\/\" aria-label=\"M\u00e1s informaci\u00f3n sobre Menorca, un inesperado para\u00edso enol\u00f3gico\" tabindex=\"-1\" >\n\t\t\tLeer M\u00e1s &gt;&gt;\t\t<\/a>\n\n\t\t\t\t<\/div>\n\t\t\t\t\t<\/div>\n\t\t<\/article>\n\t\t\t\t<\/div>\n\t\t\n\t\t\t\t\t\t<\/div>\n\t\t\t\t<\/div>\n\t\t\t\t\t<\/div>\n\t\t<\/div>\n\t\t\t\t\t<\/div>\n\t\t<\/section>\n\t\t\t\t<\/div>\n\t\t","protected":false},"excerpt":{"rendered":"<p>Novedades Nuestras \u00faltimas noticias y novedades<\/p>\n","protected":false},"author":1,"featured_media":0,"parent":0,"menu_order":0,"comment_status":"closed","ping_status":"closed","template":"elementor_header_footer","meta":{"_acf_changed":false,"footnotes":""},"class_list":["post-1674","page","type-page","status-publish","hentry"],"acf":[],"aioseo_notices":[],"_links":{"self":[{"href":"https:\/\/anirabehotels.com\/es\/wp-json\/wp\/v2\/pages\/1674","targetHints":{"allow":["GET"]}}],"collection":[{"href":"https:\/\/anirabehotels.com\/es\/wp-json\/wp\/v2\/pages"}],"about":[{"href":"https:\/\/anirabehotels.com\/es\/wp-json\/wp\/v2\/types\/page"}],"author":[{"embeddable":true,"href":"https:\/\/anirabehotels.com\/es\/wp-json\/wp\/v2\/users\/1"}],"replies":[{"embeddable":true,"href":"https:\/\/anirabehotels.com\/es\/wp-json\/wp\/v2\/comments?post=1674"}],"version-history":[{"count":0,"href":"https:\/\/anirabehotels.com\/es\/wp-json\/wp\/v2\/pages\/1674\/revisions"}],"wp:attachment":[{"href":"https:\/\/anirabehotels.com\/es\/wp-json\/wp\/v2\/media?parent=1674"}],"curies":[{"name":"wp","href":"https:\/\/api.w.org\/{rel}","templated":true}]}}