{"id":119,"date":"2020-02-12T13:52:01","date_gmt":"2020-02-12T12:52:01","guid":{"rendered":"https:\/\/anirabehotels.com\/?page_id=119"},"modified":"2022-08-17T10:42:34","modified_gmt":"2022-08-17T08:42:34","slug":"aviso-legal","status":"publish","type":"page","link":"https:\/\/anirabehotels.com\/fr\/aviso-legal\/","title":{"rendered":"Aviso Legal"},"content":{"rendered":"\t\t<div data-elementor-type=\"wp-page\" data-elementor-id=\"119\" class=\"elementor elementor-119\" data-elementor-post-type=\"page\">\n\t\t\t\t\t\t<section class=\"elementor-section elementor-top-section elementor-element elementor-element-14cc4e5 elementor-section-boxed elementor-section-height-default elementor-section-height-default\" data-id=\"14cc4e5\" data-element_type=\"section\" data-e-type=\"section\">\n\t\t\t\t\t\t<div class=\"elementor-container elementor-column-gap-default\">\n\t\t\t\t\t<div class=\"elementor-column elementor-col-100 elementor-top-column elementor-element elementor-element-79a79df\" data-id=\"79a79df\" data-element_type=\"column\" data-e-type=\"column\">\n\t\t\t<div class=\"elementor-widget-wrap elementor-element-populated\">\n\t\t\t\t\t\t<div class=\"elementor-element elementor-element-4a8543be elementor-widget elementor-widget-text-editor\" data-id=\"4a8543be\" data-element_type=\"widget\" data-e-type=\"widget\" data-widget_type=\"text-editor.default\">\n\t\t\t\t<div class=\"elementor-widget-container\">\n\t\t\t\t\t\t\t\t\t<p><strong>MENTIONS L\u00c9GALES ET CONDITIONS G\u00c9N\u00c9RALES D&#8217;UTILISATION<\/strong><\/p><p>www.anirabe.com<\/p><ol><li><strong> INFORMATIONS G\u00c9N\u00c9RALES<\/strong><\/li><\/ol><p>Conform\u00e9ment \u00e0 l&#8217;obligation d&#8217;information pr\u00e9vue par la loi 34\/2002 sur les services de la soci\u00e9t\u00e9 de l&#8217;information et du commerce \u00e9lectronique (LSSI-CE) du 11 juillet, les donn\u00e9es d&#8217;information g\u00e9n\u00e9rales suivantes de ce site Web sont fournies ci-dessous :<\/p><p>La propri\u00e9t\u00e9 de ce site Web, www.anirabe.com, (ci-apr\u00e8s, le site Web) est d\u00e9tenue par : Joan Llad\u00f3 Binimelis, avec le NIF : B06879969, et dont les coordonn\u00e9es sont :<\/p><p>Adresse : Carrer Amislat 5 \u2013 Carrer \u2013 7500 \u2013 \u00celes Bal\u00e9ares<\/p><p>T\u00e9l\u00e9phone : 638489250<\/p><p>Email de contact : ad.anirabe@gmail.com<\/p><ol><li><strong> CONDITIONS G\u00c9N\u00c9RALES D&#8217;UTILISATION<\/strong><\/li><\/ol><p>Objet des conditions : Le Site Web<\/p><p>Les pr\u00e9sentes Conditions G\u00e9n\u00e9rales d&#8217;Utilisation (ci-dessous, les Conditions) ont pour objet de r\u00e9glementer l&#8217;acc\u00e8s et l&#8217;utilisation du Site. Aux fins des pr\u00e9sentes Conditions, le Site Internet se d\u00e9finit comme : l&#8217;aspect ext\u00e9rieur des interfaces \u00e9cran, tant de mani\u00e8re statique que dynamique, c&#8217;est-\u00e0-dire l&#8217;arborescence de navigation ; et tous les \u00e9l\u00e9ments int\u00e9gr\u00e9s tant dans les interfaces \u00e9crans que dans l&#8217;arborescence de navigation (ci-apr\u00e8s, Contenus) et tous les services ou ressources en ligne qui, le cas \u00e9ch\u00e9ant, sont propos\u00e9s aux Utilisateurs (ci-apr\u00e8s, Services).<\/p><p>Anira Be Hotels se r\u00e9serve le droit de modifier, \u00e0 tout moment et sans pr\u00e9avis, la pr\u00e9sentation et la configuration du Site ainsi que les Contenus et Services qui pourraient y \u00eatre inclus. L&#8217;utilisateur reconna\u00eet et accepte qu&#8217;\u00e0 tout moment Anira Be Hotels peut interrompre, d\u00e9sactiver et\/ou annuler l&#8217;un quelconque de ces \u00e9l\u00e9ments int\u00e9gr\u00e9s au Site ou l&#8217;acc\u00e8s \u00e0 ceux-ci.<\/p><p>L&#8217;acc\u00e8s au site Internet par l&#8217;utilisateur est gratuit et, en r\u00e8gle g\u00e9n\u00e9rale, est gratuit sans que l&#8217;utilisateur n&#8217;ait \u00e0 fournir une contrepartie pour pouvoir en profiter, sauf en ce qui concerne le co\u00fbt de la connexion par le r\u00e9seau de t\u00e9l\u00e9communication fourni par le fournisseur d&#8217;acc\u00e8s contract\u00e9 par l&#8217;Utilisateur.<\/p><p>L&#8217;utilisation de l&#8217;un des contenus ou services du site web peut se faire par le biais de l&#8217;abonnement ou de l&#8217;enregistrement pr\u00e9alable de l&#8217;utilisateur.<\/p><p>L&#8217;acc\u00e8s, la navigation et l&#8217;utilisation du site web conf\u00e8rent la condition d&#8217;utilisateur, pour laquelle toutes les conditions \u00e9tablies ici, ainsi que leurs modifications ult\u00e9rieures, sont accept\u00e9es \u00e0 partir du moment o\u00f9 la navigation sur le site web commence, sans pr\u00e9judice de l&#8217;application de la r\u00e9glementations l\u00e9gales obligatoires correspondantes, le cas \u00e9ch\u00e9ant. Compte tenu de la pertinence de ce qui pr\u00e9c\u00e8de, il est recommand\u00e9 \u00e0 l&#8217;Utilisateur de les lire \u00e0 chaque visite sur le Site.<\/p><p>Le site Web d&#8217;Anira Be Hotels fournit une grande vari\u00e9t\u00e9 d&#8217;informations, de services et de donn\u00e9es. L&#8217;utilisateur assume sa responsabilit\u00e9 d&#8217;utiliser correctement le site Web. Cette responsabilit\u00e9 s&#8217;appliquera \u00e0 :<\/p><p>L&#8217;acc\u00e8s, la navigation et l&#8217;utilisation du site web conf\u00e8rent la condition d&#8217;utilisateur, pour laquelle toutes les conditions \u00e9tablies ici, ainsi que leurs modifications ult\u00e9rieures, sont accept\u00e9es \u00e0 partir du moment o\u00f9 la navigation sur le site web commence, sans pr\u00e9judice de l&#8217;application de la r\u00e9glementations l\u00e9gales obligatoires correspondantes, le cas \u00e9ch\u00e9ant. Compte tenu de la pertinence de ce qui pr\u00e9c\u00e8de, il est recommand\u00e9 \u00e0 l&#8217;Utilisateur de les lire \u00e0 chaque visite sur le Site.<\/p><p>Le site Web d&#8217;Anira Be Hotels fournit une grande vari\u00e9t\u00e9 d&#8217;informations, de services et de donn\u00e9es. L&#8217;utilisateur assume sa responsabilit\u00e9 d&#8217;utiliser correctement le site Web. Cette responsabilit\u00e9 s&#8217;\u00e9tendra \u00e0 :<\/p><ul><li>Une utilisation des informations, du Contenu et\/ou des services et des donn\u00e9es propos\u00e9s par Anira Be Hotels sans \u00eatre contraire aux dispositions des pr\u00e9sentes conditions, \u00e0 la Loi, aux bonnes m\u0153urs ou \u00e0 l&#8217;ordre public, ou pouvant de toute autre mani\u00e8re porter atteinte aux droits de tiers parties ou le fonctionnement du site Web.<\/li><li>La v\u00e9racit\u00e9 et la l\u00e9galit\u00e9 des informations fournies par l&#8217;utilisateur dans les formulaires \u00e9mis par Anira Be Hotels pour l&#8217;acc\u00e8s \u00e0 certains Contenus ou Services propos\u00e9s par le Site. Dans tous les cas, l&#8217;Utilisateur informera imm\u00e9diatement Anira Be Hotels de tout fait permettant l&#8217;utilisation abusive des informations enregistr\u00e9es dans lesdits formulaires, tels que, mais pas seulement, le vol, la perte ou l&#8217;acc\u00e8s non autoris\u00e9 aux identifiants et\/ou mots de passe, en afin de proc\u00e9der \u00e0 son annulation imm\u00e9diate.<\/li><\/ul><p>Le simple acc\u00e8s \u00e0 ce site web n&#8217;implique pas l&#8217;\u00e9tablissement d&#8217;un quelconque type de relation commerciale entre Anira Be Hotels et l&#8217;utilisateur.<\/p><p>Toujours dans le respect de la l\u00e9gislation en vigueur, ce site Anira Be Hotels s&#8217;adresse \u00e0 toutes les personnes, quel que soit leur \u00e2ge, pouvant acc\u00e9der et\/ou parcourir les pages du Site.<\/p><p><strong>III. ACC\u00c8S ET NAVIGATION SUR LE SITE : EXCLUSION DE GARANTIES ET DE RESPONSABILIT\u00c9<\/strong><\/p><p>Anira Be Hotels ne garantit pas la continuit\u00e9, la disponibilit\u00e9 et l&#8217;utilit\u00e9 du Site Web, ni des Contenus ou des Services. Anira Be Hotels fera tout son possible pour le bon fonctionnement du site Web, cependant, il n&#8217;est pas responsable ni ne garantit que l&#8217;acc\u00e8s \u00e0 ce site Web ne sera pas ininterrompu ou sans erreur.<\/p><p>Il n&#8217;est pas non plus responsable ni ne garantit que le contenu ou les logiciels accessibles via ce site web sont exempts d&#8217;erreurs ou causent des dommages au syst\u00e8me informatique de l&#8217;utilisateur (logiciels et mat\u00e9riel). En aucun cas, Anira Be Hotels ne sera responsable des pertes, dommages ou pertes de toute nature r\u00e9sultant de l&#8217;acc\u00e8s, de la navigation et de l&#8217;utilisation du site web, y compris, mais sans s&#8217;y limiter, ceux caus\u00e9s aux syst\u00e8mes informatiques ou ceux caus\u00e9s par l&#8217;introduction de virus.<\/p><p>Anira Be Hotels n&#8217;est pas non plus responsable des dommages qui pourraient \u00eatre caus\u00e9s aux utilisateurs en raison d&#8217;une mauvaise utilisation de ce site Web. En particulier, il n&#8217;est en aucun cas responsable des chutes, interruptions, manque ou d\u00e9faut des t\u00e9l\u00e9communications qui pourraient survenir.<\/p><ol><li><strong> POLITIQUE DES LIENS<\/strong><\/li><\/ol><p>Il est signal\u00e9 que le site web d&#8217;Anira Be Hotels met ou peut mettre \u00e0 la disposition des utilisateurs des moyens de liaison (tels que, entre autres, des liens, des banni\u00e8res, des boutons), des r\u00e9pertoires et des moteurs de recherche permettant aux utilisateurs d&#8217;acc\u00e9der \u00e0 des sites web appartenant \u00e0 et\/ou g\u00e9r\u00e9s par des tiers. des soir\u00e9es.<\/p><p>La mise en place de ces liens, annuaires et moteurs de recherche sur le site vise \u00e0 faciliter la recherche et l&#8217;acc\u00e8s des utilisateurs aux informations disponibles sur Internet, sans \u00eatre consid\u00e9r\u00e9 comme une suggestion, recommandation ou invitation \u00e0 les visiter.<\/p><p>Anira Be Hotels n&#8217;offre ni ne commercialise, par lui-m\u00eame ou par l&#8217;interm\u00e9diaire de tiers, les produits et\/ou services disponibles sur lesdits sites li\u00e9s.<\/p><p>De m\u00eame, il ne garantira pas la disponibilit\u00e9 technique, l&#8217;exactitude, la v\u00e9racit\u00e9, la validit\u00e9 ou la l\u00e9galit\u00e9 des sites ext\u00e9rieurs \u00e0 sa propri\u00e9t\u00e9 accessibles via les liens.<\/p><p>Anira Be Hotels n&#8217;examinera ou ne contr\u00f4lera en aucun cas le contenu d&#8217;autres sites Web, ni n&#8217;approuvera, n&#8217;examinera ou n&#8217;approuvera les produits et services, le contenu, les fichiers et tout autre mat\u00e9riel sur les sites li\u00e9s susmentionn\u00e9s.<\/p><p>Anira Be Hotels n&#8217;assume aucune responsabilit\u00e9 pour les dommages pouvant \u00eatre caus\u00e9s par l&#8217;acc\u00e8s, l&#8217;utilisation, la qualit\u00e9 ou la l\u00e9galit\u00e9 des contenus, communications, opinions, produits et services des sites Web non g\u00e9r\u00e9s par Anira Be Hotels et qui sont li\u00e9s dans ce Site Internet.<\/p><p>L&#8217;utilisateur ou un tiers qui \u00e9tablit un lien hypertexte \u00e0 partir d&#8217;une page Web d&#8217;un autre site Web diff\u00e9rent vers le Site Web Anira Be Hotels doit savoir que :<\/p><p>La reproduction \u2014totale ou partielle\u2014 de l&#8217;un quelconque des Contenus et\/ou Services du Site n&#8217;est pas autoris\u00e9e sans l&#8217;autorisation expresse d&#8217;Anira Be Hotels.<\/p><p>Aucune d\u00e9claration fausse, inexacte ou incorrecte sur le site Web d&#8217;Anira Be Hotels, ni sur ses contenus et\/ou services, n&#8217;est autoris\u00e9e.<\/p><p>\u00c0 l&#8217;exception du lien hypertexte, le site Web sur lequel ledit lien hypertexte est \u00e9tabli ne contiendra aucun \u00e9l\u00e9ment de ce site Web, prot\u00e9g\u00e9 en tant que propri\u00e9t\u00e9 intellectuelle par le syst\u00e8me juridique espagnol, sauf autorisation expresse d&#8217;Anira Be Hotels.<\/p><p>La mise en place du lien hypertexte n&#8217;implique pas l&#8217;existence de liens entre Anira Be Hotels et le propri\u00e9taire du site web \u00e0 partir duquel il est r\u00e9alis\u00e9, ni la connaissance et l&#8217;acceptation par Anira Be Hotels des contenus, services et\/ou activit\u00e9s propos\u00e9s sur ledit site, et vice versa.<\/p><ol><li><strong> PROPRI\u00c9T\u00c9 INTELLECTUELLE ET INDUSTRIELLE<\/strong><\/li><\/ol><p>Anira Be Hotels, \u00e0 elle seule ou en qualit\u00e9 de cessionnaire, est titulaire de tous les droits de propri\u00e9t\u00e9 intellectuelle et industrielle du site, ainsi que des \u00e9l\u00e9ments qui y sont contenus (\u00e0 titre indicatif et non exhaustif, images, sons, audio, vid\u00e9o, logiciels ou textes, marques ou logos, combinaisons de couleurs, structure et design, s\u00e9lection des mat\u00e9riaux utilis\u00e9s, programmes informatiques n\u00e9cessaires \u00e0 son fonctionnement, acc\u00e8s et utilisation, etc.). Ce seront donc des \u0153uvres prot\u00e9g\u00e9es en tant que propri\u00e9t\u00e9 intellectuelle par le syst\u00e8me juridique espagnol, leur \u00e9tant applicables \u00e0 la fois la r\u00e9glementation espagnole et communautaire dans ce domaine, ainsi que les trait\u00e9s internationaux relatifs \u00e0 la mati\u00e8re et sign\u00e9s par l&#8217;Espagne.<\/p><p>Tous droits r\u00e9serv\u00e9s. En vertu des dispositions de la loi sur la propri\u00e9t\u00e9 intellectuelle, la reproduction, la distribution et la communication publique, y compris le mode de mise \u00e0 disposition, de tout ou partie du contenu de ce site Web, \u00e0 des fins commerciales, sont express\u00e9ment interdites sur tout support et par tout moyen technique, sans l&#8217;autorisation d&#8217;Anira Be Hotels.<\/p><p>L&#8217;utilisateur s&#8217;engage \u00e0 respecter les droits de propri\u00e9t\u00e9 intellectuelle et industrielle d&#8217;Anira Be Hotels. Vous pouvez visualiser les \u00e9l\u00e9ments du site ou encore les imprimer, les copier et les stocker sur le disque dur de votre ordinateur ou sur tout autre support physique pourvu que ce soit exclusivement pour votre usage personnel. L&#8217;utilisateur ne peut cependant pas supprimer, modifier ou manipuler tout dispositif de protection ou syst\u00e8me de s\u00e9curit\u00e9 qui a \u00e9t\u00e9 install\u00e9 sur le site web.<\/p><p>Dans le cas o\u00f9 l&#8217;utilisateur ou un tiers consid\u00e8re que l&#8217;un des contenus du site web suppose une violation des droits de protection de la propri\u00e9t\u00e9 intellectuelle, il doit en informer imm\u00e9diatement Anira Be Hotels via les coordonn\u00e9es de la section INFORMATIONS G\u00c9N\u00c9RALES du pr\u00e9sent avis juridique et conditions g\u00e9n\u00e9rales d&#8217;utilisation.<\/p><ol><li><strong> ACTIONS JURIDIQUES, L\u00c9GISLATION APPLICABLE ET JURIDICTION<\/strong><\/li><\/ol><p>Anira Be Hotels se r\u00e9serve le droit d&#8217;engager les actions civiles ou p\u00e9nales qu&#8217;elle jugera n\u00e9cessaires pour l&#8217;utilisation abusive du site et des contenus, ou pour la violation des pr\u00e9sentes conditions.<\/p><p>La relation entre l&#8217;utilisateur et Anira Be Hotels sera r\u00e9gie par la r\u00e9glementation en vigueur et applicable sur le territoire espagnol. En cas de controverse relative \u00e0 l&#8217;interpr\u00e9tation et\/ou \u00e0 l&#8217;application des pr\u00e9sentes conditions, les parties soumettront leurs conflits \u00e0 la juridiction ordinaire, en se soumettant aux juges et tribunaux correspondants conform\u00e9ment \u00e0 la loi.<\/p><p>Ce document de Mentions L\u00e9gales et Conditions G\u00e9n\u00e9rales d&#8217;Utilisation du site a \u00e9t\u00e9 cr\u00e9\u00e9 via le g\u00e9n\u00e9rateur de mod\u00e8les de mentions l\u00e9gales et conditions d&#8217;utilisation en ligne le 07\/06\/2022.<\/p><p>\u00a0<\/p><p>\u00a0<\/p>\t\t\t\t\t\t\t\t<\/div>\n\t\t\t\t<\/div>\n\t\t\t\t\t<\/div>\n\t\t<\/div>\n\t\t\t\t\t<\/div>\n\t\t<\/section>\n\t\t\t\t<\/div>\n\t\t","protected":false},"excerpt":{"rendered":"<p>MENTIONS L\u00c9GALES ET CONDITIONS G\u00c9N\u00c9RALES D&#8217;UTILISATION www.anirabe.com INFORMATIONS G\u00c9N\u00c9RALES Conform\u00e9ment \u00e0 l&#8217;obligation d&#8217;information pr\u00e9vue par la loi 34\/2002 sur les services de la soci\u00e9t\u00e9 de l&#8217;information et du commerce \u00e9lectronique (LSSI-CE) du 11 juillet, les donn\u00e9es d&#8217;information g\u00e9n\u00e9rales suivantes de ce site Web sont fournies ci-dessous : La propri\u00e9t\u00e9 de ce site Web, www.anirabe.com, (ci-apr\u00e8s, [&hellip;]<\/p>\n","protected":false},"author":1,"featured_media":0,"parent":0,"menu_order":0,"comment_status":"closed","ping_status":"closed","template":"elementor_header_footer","meta":{"_acf_changed":false,"footnotes":""},"class_list":["post-119","page","type-page","status-publish","hentry"],"acf":[],"aioseo_notices":[],"_links":{"self":[{"href":"https:\/\/anirabehotels.com\/fr\/wp-json\/wp\/v2\/pages\/119","targetHints":{"allow":["GET"]}}],"collection":[{"href":"https:\/\/anirabehotels.com\/fr\/wp-json\/wp\/v2\/pages"}],"about":[{"href":"https:\/\/anirabehotels.com\/fr\/wp-json\/wp\/v2\/types\/page"}],"author":[{"embeddable":true,"href":"https:\/\/anirabehotels.com\/fr\/wp-json\/wp\/v2\/users\/1"}],"replies":[{"embeddable":true,"href":"https:\/\/anirabehotels.com\/fr\/wp-json\/wp\/v2\/comments?post=119"}],"version-history":[{"count":0,"href":"https:\/\/anirabehotels.com\/fr\/wp-json\/wp\/v2\/pages\/119\/revisions"}],"wp:attachment":[{"href":"https:\/\/anirabehotels.com\/fr\/wp-json\/wp\/v2\/media?parent=119"}],"curies":[{"name":"wp","href":"https:\/\/api.w.org\/{rel}","templated":true}]}}