{"id":121,"date":"2020-02-12T13:52:19","date_gmt":"2020-02-12T12:52:19","guid":{"rendered":"https:\/\/anirabehotels.com\/?page_id=121"},"modified":"2022-08-17T11:43:34","modified_gmt":"2022-08-17T09:43:34","slug":"politica-de-cookies","status":"publish","type":"page","link":"https:\/\/anirabehotels.com\/fr\/politica-de-cookies\/","title":{"rendered":"Pol\u00edtica de cookies"},"content":{"rendered":"\t\t<div data-elementor-type=\"wp-page\" data-elementor-id=\"121\" class=\"elementor elementor-121\" data-elementor-post-type=\"page\">\n\t\t\t\t\t\t<section class=\"elementor-section elementor-top-section elementor-element elementor-element-1d04c967 elementor-section-boxed elementor-section-height-default elementor-section-height-default\" data-id=\"1d04c967\" data-element_type=\"section\" data-e-type=\"section\">\n\t\t\t\t\t\t<div class=\"elementor-container elementor-column-gap-default\">\n\t\t\t\t\t<div class=\"elementor-column elementor-col-100 elementor-top-column elementor-element elementor-element-46b69de8\" data-id=\"46b69de8\" data-element_type=\"column\" data-e-type=\"column\">\n\t\t\t<div class=\"elementor-widget-wrap elementor-element-populated\">\n\t\t\t\t\t\t<div class=\"elementor-element elementor-element-7940c312 elementor-widget elementor-widget-text-editor\" data-id=\"7940c312\" data-element_type=\"widget\" data-e-type=\"widget\" data-widget_type=\"text-editor.default\">\n\t\t\t\t<div class=\"elementor-widget-container\">\n\t\t\t\t\t\t\t\t\t<p><strong>POLITIQUE DE COOKIES<\/strong><\/p><p>www.anirabe.com<\/p><p>L&#8217;acc\u00e8s \u00e0 ce site Web peut entra\u00eener l&#8217;utilisation de cookies. Les cookies sont de petites quantit\u00e9s d&#8217;informations qui sont stock\u00e9es dans le navigateur utilis\u00e9 par chaque Utilisateur &#8211; dans les diff\u00e9rents appareils qui peuvent \u00eatre utilis\u00e9s pour naviguer &#8211; afin que le serveur se souvienne de certaines informations qui seront lues ult\u00e9rieurement et uniquement par le serveur qui les a mises en \u0153uvre. Les cookies facilitent la navigation, la rendent plus conviviale et n&#8217;endommagent pas l&#8217;appareil de navigation.<\/p><p>Les cookies sont des proc\u00e9d\u00e9s automatiques de collecte d&#8217;informations sur les pr\u00e9f\u00e9rences d\u00e9termin\u00e9es par l&#8217;Utilisateur lors de sa visite sur le Site afin de le reconna\u00eetre en tant qu&#8217;Utilisateur, de personnaliser son exp\u00e9rience et son utilisation du Site, et peuvent \u00e9galement, par exemple, aider \u00e0 identifier et r\u00e9soudre les erreurs.<\/p><p>Les informations recueillies par le biais des cookies peuvent inclure la date et l&#8217;heure des visites sur le Site, les pages consult\u00e9es, le temps pass\u00e9 sur le Site et les sites visit\u00e9s juste avant et apr\u00e8s celui-ci. Cependant, aucun cookie ne lui permet de contacter le num\u00e9ro de t\u00e9l\u00e9phone de l&#8217;Utilisateur ou tout autre moyen de contact personnel. Aucun cookie ne peut extraire des informations du disque dur de l&#8217;utilisateur ou voler des informations personnelles. Le seul moyen pour que les informations priv\u00e9es de l&#8217;utilisateur fassent partie du fichier cookie est que l&#8217;utilisateur fournisse personnellement ces informations au serveur.<\/p><p>Les cookies qui permettent d&#8217;identifier une personne sont consid\u00e9r\u00e9s comme des donn\u00e9es personnelles. Par cons\u00e9quent, la politique de confidentialit\u00e9 susmentionn\u00e9e s&#8217;appliquera \u00e0 eux. En ce sens, pour l&#8217;utilisation de celui-ci, le consentement de l&#8217;Utilisateur sera n\u00e9cessaire. Ce consentement sera communiqu\u00e9, sur la base d&#8217;un choix authentique, offert par une d\u00e9cision affirmative et positive, avant le traitement initial, amovible et document\u00e9.<\/p><p>Cookies propres<\/p><p>Ce sont ces cookies qui sont envoy\u00e9s \u00e0 l&#8217;ordinateur ou \u00e0 l&#8217;appareil de l&#8217;utilisateur et g\u00e9r\u00e9s exclusivement par Anira Be Hotels pour un meilleur fonctionnement du site Web. Les informations collect\u00e9es sont utilis\u00e9es pour am\u00e9liorer la qualit\u00e9 du site et de son contenu ainsi que votre exp\u00e9rience en tant qu&#8217;utilisateur. Ces cookies permettent \u00e0 l&#8217;utilisateur d&#8217;\u00eatre reconnu comme un visiteur r\u00e9current du site et d&#8217;adapter le contenu pour proposer un contenu r\u00e9pondant \u00e0 ses pr\u00e9f\u00e9rences :<\/p><p>wordpress_test_cookie : cookie propre qui stocke votre acceptation de la politique de cookies de www.anirabe.com. La dur\u00e9e est jusqu&#8217;\u00e0 la fin de la session.<\/p><p>\u00a0<\/p><p><strong>Cookies des r\u00e9seaux sociaux<\/strong><\/p><p>Anira Be Hotels int\u00e8gre des plugins de r\u00e9seaux sociaux, qui permettent d&#8217;y acc\u00e9der depuis le Site. Pour cette raison, des cookies de r\u00e9seaux sociaux peuvent \u00eatre stock\u00e9s dans le navigateur de l&#8217;utilisateur. Les propri\u00e9taires de ces r\u00e9seaux sociaux ont leurs propres politiques de protection des donn\u00e9es et de cookies, \u00e9tant eux-m\u00eames, dans chaque cas, responsables de leurs propres fichiers et de leurs propres pratiques de confidentialit\u00e9. L&#8217;utilisateur doit s&#8217;y r\u00e9f\u00e9rer pour prendre connaissance desdits cookies et, le cas \u00e9ch\u00e9ant, du traitement de ses donn\u00e9es personnelles. \u00c0 titre indicatif, les liens permettant de consulter ces politiques de confidentialit\u00e9 et\/ou de cookies sont indiqu\u00e9s ci-dessous :<\/p><ul><li><strong>Facebook:<\/strong>https:\/\/www.facebook.com\/policies\/cookies\/<\/li><li><strong>Twitter:<\/strong>https:\/\/twitter.com\/es\/privacy<\/li><li><strong>Instagram:<\/strong>https:\/\/help.instagram.com\/1896641480634370?ref=ig<\/li><li><strong>YouTube:<\/strong>https:\/\/policies.google.com\/privacy?hl=es-419&amp;gl=mx<\/li><li><strong>Pinterest:<\/strong>https:\/\/policy.pinterest.com\/es\/privacy-policy<\/li><li><strong>LinkedIn:<\/strong>https:\/\/www.linkedin.com\/legal\/cookie-policy?trk=hp-cookies<\/li><\/ul><p><strong>D\u00e9sactiver, rejeter et supprimer les cookies<\/strong><\/p><p>L&#8217;utilisateur peut d\u00e9sactiver, rejeter et supprimer les cookies -totalement ou partiellement- install\u00e9s sur son appareil en configurant son navigateur (parmi lesquels figurent, par exemple, Chrome, Firefox, Safari, Explorer). En ce sens, les modalit\u00e9s de refus et de suppression des cookies peuvent diff\u00e9rer d&#8217;un navigateur Internet \u00e0 l&#8217;autre. En cons\u00e9quence, l&#8217;utilisateur doit se r\u00e9f\u00e9rer aux instructions fournies par le navigateur Internet qu&#8217;il utilise. Dans le cas o\u00f9 vous refusez l&#8217;utilisation de cookies \u2014totalement ou partiellement\u2014, vous pouvez continuer \u00e0 utiliser le site Web, bien que l&#8217;utilisation de certaines de ses fonctionnalit\u00e9s puisse \u00eatre limit\u00e9e.<\/p><p>Ce document de politique de cookies a \u00e9t\u00e9 cr\u00e9\u00e9 \u00e0 l&#8217;aide du g\u00e9n\u00e9rateur de mod\u00e8les de politique de cookies en ligne le 07\/06\/2022.<\/p><p>\u00a0<\/p>\t\t\t\t\t\t\t\t<\/div>\n\t\t\t\t<\/div>\n\t\t\t\t\t<\/div>\n\t\t<\/div>\n\t\t\t\t\t<\/div>\n\t\t<\/section>\n\t\t\t\t<\/div>\n\t\t","protected":false},"excerpt":{"rendered":"<p>POLITIQUE DE COOKIES www.anirabe.com L&#8217;acc\u00e8s \u00e0 ce site Web peut entra\u00eener l&#8217;utilisation de cookies. Les cookies sont de petites quantit\u00e9s d&#8217;informations qui sont stock\u00e9es dans le navigateur utilis\u00e9 par chaque Utilisateur &#8211; dans les diff\u00e9rents appareils qui peuvent \u00eatre utilis\u00e9s pour naviguer &#8211; afin que le serveur se souvienne de certaines informations qui seront lues [&hellip;]<\/p>\n","protected":false},"author":1,"featured_media":0,"parent":0,"menu_order":0,"comment_status":"closed","ping_status":"closed","template":"elementor_header_footer","meta":{"_acf_changed":false,"footnotes":""},"class_list":["post-121","page","type-page","status-publish","hentry"],"acf":[],"aioseo_notices":[],"_links":{"self":[{"href":"https:\/\/anirabehotels.com\/fr\/wp-json\/wp\/v2\/pages\/121","targetHints":{"allow":["GET"]}}],"collection":[{"href":"https:\/\/anirabehotels.com\/fr\/wp-json\/wp\/v2\/pages"}],"about":[{"href":"https:\/\/anirabehotels.com\/fr\/wp-json\/wp\/v2\/types\/page"}],"author":[{"embeddable":true,"href":"https:\/\/anirabehotels.com\/fr\/wp-json\/wp\/v2\/users\/1"}],"replies":[{"embeddable":true,"href":"https:\/\/anirabehotels.com\/fr\/wp-json\/wp\/v2\/comments?post=121"}],"version-history":[{"count":0,"href":"https:\/\/anirabehotels.com\/fr\/wp-json\/wp\/v2\/pages\/121\/revisions"}],"wp:attachment":[{"href":"https:\/\/anirabehotels.com\/fr\/wp-json\/wp\/v2\/media?parent=121"}],"curies":[{"name":"wp","href":"https:\/\/api.w.org\/{rel}","templated":true}]}}