{"id":40,"date":"2019-10-08T16:20:36","date_gmt":"2019-10-08T14:20:36","guid":{"rendered":"https:\/\/anirabehotels.com\/?page_id=40"},"modified":"2022-08-17T11:43:58","modified_gmt":"2022-08-17T09:43:58","slug":"politica-privacidad","status":"publish","type":"page","link":"https:\/\/anirabehotels.com\/fr\/politica-privacidad\/","title":{"rendered":"Pol\u00edtica de privacidad"},"content":{"rendered":"\t\t<div data-elementor-type=\"wp-page\" data-elementor-id=\"40\" class=\"elementor elementor-40\" data-elementor-post-type=\"page\">\n\t\t\t\t\t\t<section class=\"elementor-section elementor-top-section elementor-element elementor-element-1493d8e5 elementor-section-boxed elementor-section-height-default elementor-section-height-default\" data-id=\"1493d8e5\" data-element_type=\"section\" data-e-type=\"section\">\n\t\t\t\t\t\t<div class=\"elementor-container elementor-column-gap-default\">\n\t\t\t\t\t<div class=\"elementor-column elementor-col-100 elementor-top-column elementor-element elementor-element-2a47af01\" data-id=\"2a47af01\" data-element_type=\"column\" data-e-type=\"column\">\n\t\t\t<div class=\"elementor-widget-wrap elementor-element-populated\">\n\t\t\t\t\t\t<div class=\"elementor-element elementor-element-73579450 elementor-widget elementor-widget-text-editor\" data-id=\"73579450\" data-element_type=\"widget\" data-e-type=\"widget\" data-widget_type=\"text-editor.default\">\n\t\t\t\t<div class=\"elementor-widget-container\">\n\t\t\t\t\t\t\t\t\t<p><strong>POLITIQUE DE CONFIDENTIALIT\u00c9 DU SITE WEB<\/strong><\/p><p>www.anirabe.com<\/p><ol><li><strong> POLITIQUE DE CONFIDENTIALIT\u00c9 ET PROTECTION DES DONN\u00c9ES<\/strong><\/li><\/ol><p>Dans le respect des dispositions de la l\u00e9gislation en vigueur, Anira Be Hotels (ci-apr\u00e8s, \u00e9galement Site Web) s&#8217;engage \u00e0 adopter les mesures techniques et organisationnelles n\u00e9cessaires, en fonction du niveau de s\u00e9curit\u00e9 appropri\u00e9 au risque des donn\u00e9es collect\u00e9es.<\/p><p><strong>Lois incorpor\u00e9es dans cette politique de confidentialit\u00e9<\/strong><\/p><p>Cette politique de confidentialit\u00e9 est adapt\u00e9e aux r\u00e9glementations espagnoles et europ\u00e9ennes en vigueur concernant la protection des donn\u00e9es personnelles sur Internet. Concr\u00e8tement, il respecte les r\u00e8gles suivantes:<\/p><p>\u00a0\u00a0\u00a0\u00a0 R\u00e8glement (UE) 2016\/679 du Parlement europ\u00e9en et du Conseil du 27 avril 2016 relatif \u00e0 la protection des personnes physiques \u00e0 l&#8217;\u00e9gard du traitement des donn\u00e9es \u00e0 caract\u00e8re personnel et \u00e0 la libre circulation de ces donn\u00e9es (RGPD).<\/p><p>\u00a0\u00a0\u00a0\u00a0 Loi organique 3\/2018, du 5 d\u00e9cembre, sur la protection des donn\u00e9es personnelles et la garantie des droits num\u00e9riques (LOPD-GDD).<\/p><p>\u00a0\u00a0\u00a0\u00a0 D\u00e9cret Royal 1720\/2007, du 21 d\u00e9cembre, qui approuve le R\u00e8glement pour le d\u00e9veloppement de la Loi Organique 15\/1999, du 13 d\u00e9cembre, sur la Protection des Donn\u00e9es Personnelles (RDLOPD).<\/p><p>\u00a0\u00a0\u00a0\u00a0 Loi 34\/2002, du 11 juillet, sur les services de la soci\u00e9t\u00e9 de l&#8217;information et du commerce \u00e9lectronique (LSSI-CE).<\/p><p>\u00a0<\/p><p><strong>Identit\u00e9 du responsable du traitement des donn\u00e9es personnelles<\/strong><\/p><p>Le responsable du traitement des donn\u00e9es personnelles collect\u00e9es chez Anira Be Hotels est : Oso Ondo S.L., avec NIF : B06879969 (ci-apr\u00e8s, Responsable du traitement). Leurs coordonn\u00e9es sont les suivantes :<\/p><p>Adresse et domicile fiscal : Carrer Amislat 5 \u2013 Carrer \u2013 7500 \u2013 \u00celes Bal\u00e9ares<\/p><p>T\u00e9l\u00e9phone : 638489250<\/p><p>Email de contact : ad.anirabe@gmail.com<\/p><p>Enregistrement des donn\u00e9es personnelles<\/p><p>Conform\u00e9ment aux dispositions du RGPD et de la LOPD-GDD, nous vous informons que les donn\u00e9es personnelles collect\u00e9es par Anira Be Hotels, \u00e0 travers les formulaires \u00e9tendus sur ses pages, seront incorpor\u00e9es et seront trait\u00e9es dans notre fichier afin de pouvoir faciliter, acc\u00e9l\u00e9rer et respecter les engagements \u00e9tablis entre Anira Be Hotels et l&#8217;utilisateur ou le maintien de la relation \u00e9tablie dans les formulaires que l&#8217;Utilisateur remplit, ou pour r\u00e9pondre \u00e0 une demande ou requ\u00eate de l&#8217;Utilisateur. De m\u00eame, conform\u00e9ment aux dispositions du RGPD et de la LOPD-GDD, sauf exception pr\u00e9vue \u00e0 l&#8217;article 30.5 du RGPD, il est tenu un registre des activit\u00e9s de traitement qui pr\u00e9cise, selon ses finalit\u00e9s, les activit\u00e9s de traitement r\u00e9alis\u00e9es et les autres circonstances \u00e9tablies dans le RGPD.<\/p><p><strong>Principes applicables au traitement des donn\u00e9es personnelles<\/strong><\/p><p>Le traitement des donn\u00e9es personnelles de l&#8217;utilisateur sera soumis aux principes suivants contenus dans l&#8217;article 5 du RGPD et dans l&#8217;article 4 et suivants de la loi organique 3\/2018, du 5 d\u00e9cembre, sur la protection des donn\u00e9es personnelles et la garantie des droits num\u00e9riques :<\/p><p>\uf0b7\u00a0 Principe de l\u00e9galit\u00e9, loyaut\u00e9 et transparence : le consentement de l&#8217;utilisateur sera requis \u00e0 tout moment avant une information en toute transparence sur les finalit\u00e9s pour lesquelles les donn\u00e9es personnelles sont collect\u00e9es.<\/p><p>\u00a0\u00a0\u00a0\u00a0 Principe de limitation des finalit\u00e9s : les donn\u00e9es personnelles seront collect\u00e9es pour des finalit\u00e9s d\u00e9termin\u00e9es, explicites et l\u00e9gitimes.<\/p><p>\u00a0\u00a0\u00a0\u00a0 Principe de minimisation des donn\u00e9es : les donn\u00e9es personnelles collect\u00e9es ne seront que strictement n\u00e9cessaires au regard des finalit\u00e9s pour lesquelles elles sont trait\u00e9es.<\/p><p>\u00a0\u00a0\u00a0\u00a0 Principe d&#8217;exactitude : les donn\u00e9es personnelles doivent \u00eatre exactes et toujours mises \u00e0 jour.<\/p><p>\u00a0\u00a0\u00a0\u00a0 Principe de limitation de la dur\u00e9e de conservation : les donn\u00e9es personnelles ne seront conserv\u00e9es de mani\u00e8re permettant l&#8217;identification de l&#8217;Utilisateur que pendant le temps n\u00e9cessaire aux finalit\u00e9s de leur traitement.<\/p><p>\u00a0\u00a0\u00a0 Principe d&#8217;int\u00e9grit\u00e9 et de confidentialit\u00e9 : les donn\u00e9es personnelles seront trait\u00e9es de mani\u00e8re \u00e0 garantir leur s\u00e9curit\u00e9 et leur confidentialit\u00e9.<\/p><p>\u00a0\u00a0\u00a0 Principe de responsabilit\u00e9 proactive : le responsable du traitement des donn\u00e9es sera charg\u00e9 de veiller \u00e0 ce que les principes ci-dessus soient respect\u00e9s.<\/p><p>\u00a0<\/p><p><strong>Cat\u00e9gories de donn\u00e9es personnelles<\/strong><\/p><p>Las categor\u00edas de datos que se tratan en Anira Be Hotels son \u00fanicamente datos identificativos. En ning\u00fan caso, se tratan categor\u00edas especiales de datos personales en el sentido del art\u00edculo 9 del RGPD.<\/p><p><strong>Base legal para el tratamiento de los datos personales<\/strong><\/p><p>La base juridique du traitement des donn\u00e9es personnelles est le consentement. Anira Be Hotels s&#8217;engage \u00e0 obtenir le consentement expr\u00e8s et v\u00e9rifiable de l&#8217;utilisateur pour le traitement de ses donn\u00e9es personnelles pour une ou plusieurs finalit\u00e9s sp\u00e9cifiques.<\/p><p>L&#8217;utilisateur a le droit de retirer son consentement \u00e0 tout moment. Il sera aussi facile de retirer son consentement que de le donner. En r\u00e8gle g\u00e9n\u00e9rale, le retrait du consentement ne conditionnera pas l&#8217;utilisation du Site.<\/p><p>Dans les occasions o\u00f9 l&#8217;utilisateur doit ou peut fournir ses donn\u00e9es par le biais de formulaires pour effectuer des demandes de renseignements, demander des informations ou pour des raisons li\u00e9es au contenu du site Web, il sera inform\u00e9 si la r\u00e9alisation de l&#8217;un d&#8217;entre eux est obligatoire car ils sont essentiels pour le bon d\u00e9roulement de l&#8217;op\u00e9ration r\u00e9alis\u00e9e.<\/p><p><strong>Finalit\u00e9s du traitement auquel sont destin\u00e9es les donn\u00e9es personnelles<\/strong><\/p><p>Les donn\u00e9es personnelles sont collect\u00e9es et g\u00e9r\u00e9es par Anira Be Hotels afin de faciliter, rationaliser et remplir les engagements \u00e9tablis entre le site Web et l&#8217;utilisateur ou le maintien de la relation \u00e9tablie dans les formulaires que ce dernier remplit ou pour r\u00e9pondre \u00e0 une demande ou une enqu\u00eate.<\/p><p>De m\u00eame, les donn\u00e9es pourront \u00eatre utilis\u00e9es pour une personnalisation commerciale, \u00e0 des fins op\u00e9rationnelles et statistiques, et des activit\u00e9s de l&#8217;objet social d&#8217;Anira Be Hotels, ainsi que pour l&#8217;extraction, le stockage de donn\u00e9es et des \u00e9tudes marketing pour adapter le contenu propos\u00e9 \u00e0 l&#8217;utilisateur, ainsi que d&#8217;am\u00e9liorer la qualit\u00e9, le fonctionnement et la navigation du Site.<\/p><p>Au moment de l&#8217;obtention des donn\u00e9es personnelles, l&#8217;utilisateur sera inform\u00e9 de la ou des finalit\u00e9s sp\u00e9cifiques du traitement auquel les donn\u00e9es personnelles seront utilis\u00e9es ; c&#8217;est-\u00e0-dire l&#8217;utilisation ou les utilisations qui seront faites des informations collect\u00e9es.<\/p><p><strong>Dur\u00e9es de conservation des donn\u00e9es personnelles<\/strong><\/p><p>Les donn\u00e9es personnelles ne seront conserv\u00e9es que pendant le temps minimum n\u00e9cessaire aux finalit\u00e9s de leur traitement et, en tout \u00e9tat de cause, uniquement pendant la dur\u00e9e suivante : tant que la relation commerciale est maintenue ou que vous ne demandez pas sa suppression et pendant la dur\u00e9e pendant laquelle les responsabilit\u00e9s juridiques pourraient d\u00e9couler des services fournis, ou jusqu&#8217;\u00e0 ce que l&#8217;utilisateur demande sa suppression.<\/p><p>Au moment de l&#8217;obtention des donn\u00e9es personnelles, l&#8217;utilisateur sera inform\u00e9 de la dur\u00e9e pendant laquelle les donn\u00e9es personnelles seront conserv\u00e9es ou, lorsque cela n&#8217;est pas possible, des crit\u00e8res utilis\u00e9s pour d\u00e9terminer cette dur\u00e9e.<\/p><p><strong>Destinataires des donn\u00e9es personnelles<\/strong><\/p><p>Les donn\u00e9es personnelles de l&#8217;utilisateur ne seront pas partag\u00e9es avec des tiers.<\/p><p>Dans tous les cas, au moment de l&#8217;obtention des donn\u00e9es personnelles, l&#8217;utilisateur sera inform\u00e9 des destinataires ou des cat\u00e9gories de destinataires des donn\u00e9es personnelles.<\/p><p><strong>Donn\u00e9es personnelles des mineurs<\/strong><\/p><p>Dans le respect des dispositions des articles 8 du RGPD et 7 de la loi organique 3\/2018 du 5 d\u00e9cembre sur la protection des donn\u00e9es personnelles et la garantie des droits num\u00e9riques, seules les personnes \u00e2g\u00e9es de plus de 14 ans peuvent donner leur consentement pour le traitement des donn\u00e9es personnelles de forme l\u00e9gale par Anira Be Hotels. S&#8217;il s&#8217;agit d&#8217;un mineur de moins de 14 ans, le consentement des parents ou tuteurs sera n\u00e9cessaire pour le traitement, et celui-ci ne sera consid\u00e9r\u00e9 comme licite que dans la mesure o\u00f9 ils l&#8217;ont autoris\u00e9.<\/p><p><strong>Confidentialit\u00e9 et s\u00e9curit\u00e9 des donn\u00e9es personnelles<\/strong><\/p><p>Anira Be Hotels s&#8217;engage \u00e0 adopter les mesures techniques et organisationnelles n\u00e9cessaires, selon le niveau de s\u00e9curit\u00e9 appropri\u00e9 au risque des donn\u00e9es collect\u00e9es, de mani\u00e8re \u00e0 garantir la s\u00e9curit\u00e9 des donn\u00e9es personnelles et \u00e0 \u00e9viter toute destruction, perte ou alt\u00e9ration accidentelle ou illicite de donn\u00e9es personnelles transmises, conserv\u00e9es ou trait\u00e9es d&#8217;une autre mani\u00e8re, ou la communication ou l&#8217;acc\u00e8s non autoris\u00e9 \u00e0 ces donn\u00e9es.<\/p><p>Le site Web dispose d&#8217;un certificat SSL (Secure Socket Layer), qui garantit que les donn\u00e9es personnelles sont transmises de mani\u00e8re s\u00e9curis\u00e9e et confidentielle, car la transmission des donn\u00e9es entre le serveur et l&#8217;utilisateur, et en retour, est enti\u00e8rement crypt\u00e9e ou crypt\u00e9e.<\/p><p>Toutefois, dans la mesure o\u00f9 Anira Be Hotels ne peut garantir l&#8217;inviolabilit\u00e9 d&#8217;internet ou l&#8217;absence totale de pirates informatiques ou autres acc\u00e9dant frauduleusement aux donn\u00e9es personnelles, le responsable du traitement s&#8217;engage \u00e0 informer sans d\u00e9lai l&#8217;utilisateur en cas de violation de la s\u00e9curit\u00e9 des donn\u00e9es personnelles susceptible d&#8217;entra\u00eener un risque \u00e9lev\u00e9 pour les droits et libert\u00e9s des personnes physiques. Conform\u00e9ment aux dispositions de l&#8217;article 4 du RGPD, une atteinte \u00e0 la s\u00e9curit\u00e9 des donn\u00e9es personnelles s&#8217;entend de toute atteinte \u00e0 la s\u00e9curit\u00e9 qui entra\u00eene la destruction, la perte ou l&#8217;alt\u00e9ration accidentelle ou illicite des donn\u00e9es personnelles transmises, conserv\u00e9es ou autrement trait\u00e9es, ou la communication non autoris\u00e9e ou l&#8217;acc\u00e8s \u00e0 ces donn\u00e9es.<\/p><p>Les donn\u00e9es personnelles seront trait\u00e9es de mani\u00e8re confidentielle par le responsable du traitement, qui s&#8217;engage \u00e0 signaler et \u00e0 garantir par une obligation l\u00e9gale ou contractuelle que ladite confidentialit\u00e9 est respect\u00e9e par ses employ\u00e9s, collaborateurs, et toute personne \u00e0 qui il rend accessible les informations.<\/p><p><strong>Droits d\u00e9riv\u00e9s du traitement des donn\u00e9es personnelles<\/strong><\/p><p>L&#8217;utilisateur utilise Anira Be Hotels et peut, par cons\u00e9quent, exercer les droits suivants reconnus dans le RGPD et la loi organique 3\/2018, du 5 d\u00e9cembre, sur la protection des donn\u00e9es personnelles et la garantie des droits num\u00e9riques contre le responsable du traitement:<\/p><p>\uf0b7\u00a0 Droit d&#8217;acc\u00e8s : l&#8217;utilisateur a le droit d&#8217;obtenir la confirmation du fait qu&#8217;Anira Be Hotels traite ou non ses donn\u00e9es personnelles et, le cas \u00e9ch\u00e9ant, d&#8217;obtenir des informations sur ses donn\u00e9es personnelles sp\u00e9cifiques et sur le traitement qu&#8217;Anira Be Hotels a effectu\u00e9 ou effectue, ainsi que, entre autres, les informations disponibles sur l&#8217;origine desdites donn\u00e9es et les destinataires des communications effectu\u00e9es ou pr\u00e9vues \u00e0 leur intention.<\/p><p>\uf0b7\u00a0 Droit de rectification : L&#8217;utilisateur a le droit de modifier ses donn\u00e9es personnelles qui s&#8217;av\u00e8rent inexactes ou, compte tenu des finalit\u00e9s du traitement, incompl\u00e8tes.\uf0b7\u00a0<\/p><p>\u00a0\u00a0\u00a0\u00a0 Droit de suppression (\u00able droit \u00e0 l&#8217;oubli\u00bb) : c&#8217;est le droit de l&#8217;utilisateur, \u00e0 condition que la l\u00e9gislation en vigueur n&#8217;en dispose pas autrement, d&#8217;obtenir la suppression de ses donn\u00e9es personnelles lorsque celles-ci ne sont plus n\u00e9cessaires aux fins pour lesquelles elles ont \u00e9t\u00e9 collect\u00e9es ou trait\u00e9es ; l&#8217;utilisateur a retir\u00e9 son consentement au traitement et cela n&#8217;a pas d&#8217;autre base l\u00e9gale ; l&#8217;utilisateur s&#8217;oppose au traitement et il n&#8217;y a pas d&#8217;autre motif l\u00e9gitime pour le poursuivre ; les donn\u00e9es personnelles ont \u00e9t\u00e9 trait\u00e9es ill\u00e9galement ; les donn\u00e9es personnelles doivent \u00eatre supprim\u00e9es conform\u00e9ment \u00e0 une obligation l\u00e9gale ; ou les donn\u00e9es personnelles ont \u00e9t\u00e9 obtenues \u00e0 la suite d&#8217;une offre directe de services de la soci\u00e9t\u00e9 de l&#8217;information \u00e0 un enfant de moins de 14 ans. Outre la suppression des donn\u00e9es, le responsable du traitement, compte tenu de la technologie disponible et du co\u00fbt de son application, doit prendre des mesures raisonnables pour informer les responsables du traitement des donn\u00e9es personnelles de la demande de l&#8217;int\u00e9ress\u00e9 de supprimer tout lien vers ces donn\u00e9es personnelles.<\/p><p>\u00a0\u00a0\u00a0\u00a0\u00a0\u00a0 Droit \u00e0 la limitation du traitement: l&#8217;utilisateur a le droit de limiter le traitement de ses donn\u00e9es personnelles. L&#8217;utilisateur a le droit d&#8217;obtenir la limitation du traitement lorsqu&#8217;il conteste l&#8217;exactitude de ses donn\u00e9es personnelles; le traitement est ill\u00e9gal ; le responsable du traitement n&#8217;a plus besoin des donn\u00e9es personnelles, mais l&#8217;utilisateur en a besoin pour faire des r\u00e9clamations ; et lorsque l&#8217;Utilisateur s&#8217;est oppos\u00e9 au traitement.<\/p><p>\u00a0\u00a0\u00a0\u00a0\u00a0\u00a0\u00a0\u00a0\u00a0 Droit \u00e0 la portabilit\u00e9 des donn\u00e9es: dans le cas o\u00f9 le traitement est effectu\u00e9 par des moyens automatis\u00e9s, l&#8217;utilisateur aura le droit de recevoir du responsable du traitement ses donn\u00e9es personnelles dans un format structur\u00e9, d&#8217;usage courant et de lecture m\u00e9canique, et de les transmettre \u00e0 un autre responsable du traitement. Chaque fois que cela est techniquement possible, le responsable du traitement transmettra les donn\u00e9es directement \u00e0 cet autre responsable du traitement.<\/p><p>\u00a0\u00a0\u00a0\u00a0\u00a0\u00a0\u00a0\u00a0 Droit d&#8217;opposition : L&#8217;utilisateur a le droit de ne pas proc\u00e9der au traitement de ses donn\u00e9es personnelles ou d&#8217;en faire cesser le traitement par Anira Be Hotels.<\/p><p>\u00a0\u00a0\u00a0\u00a0\u00a0\u00a0\u00a0\u00a0 Droit de ne pas faire l&#8217;objet d&#8217;une d\u00e9cision fond\u00e9e uniquement sur un traitement automatis\u00e9, y compris le profilage : L&#8217;utilisateur a le droit de ne pas faire l&#8217;objet d&#8217;une d\u00e9cision individualis\u00e9e fond\u00e9e uniquement sur un traitement automatis\u00e9 de ses donn\u00e9es personnelles, y compris l&#8217;\u00e9laboration de profils, existant \u00e0 moins que la l\u00e9gislation en vigueur n&#8217;en dispose autrement.<\/p><p>\u00a0<\/p><p>\uf0b7\u00a0 Ainsi, l&#8217;Utilisateur peut exercer ses droits par une communication \u00e9crite adress\u00e9e au Responsable du traitement avec la r\u00e9f\u00e9rence \u00ab RGPD-www.anirabe.com \u00bb, en pr\u00e9cisant :<\/p><p>\uf0b7\u00a0 Nom, pr\u00e9noms de l&#8217;utilisateur et copie du DNI. Dans les cas o\u00f9 la repr\u00e9sentation est admise, l&#8217;identification par le m\u00eame moyen de la personne repr\u00e9sentant l&#8217;Utilisateur sera \u00e9galement n\u00e9cessaire, ainsi que le document accr\u00e9ditant la repr\u00e9sentation. La photocopie du DNI peut \u00eatre remplac\u00e9e par tout autre moyen juridiquement valable prouvant l&#8217;identit\u00e9.<\/p><p>Demande avec les raisons sp\u00e9cifiques de la demande ou des informations auxquelles vous souhaitez acc\u00e9der.<\/p><p>Adresse \u00e0 des fins de notification.<\/p><p>Date et signature du demandeur.<\/p><p>Tout document accr\u00e9ditant la demande effectu\u00e9e.<\/p><p>\u00a0<\/p><p>Cette candidature et tout autre document joint peuvent \u00eatre envoy\u00e9s \u00e0 l&#8217;adresse et\/ou au courrier \u00e9lectronique suivants :<\/p><p>Adresse postale : Carrer Amislat 5 \u2013 Carrer \u2013 7500 \u2013 \u00celes Bal\u00e9ares<\/p><p>Email : ad.anirabe@gmail.com<\/p><p>\u00a0<\/p><p><strong>Liens vers des sites web tiers<\/strong><\/p><p>Le site web peut inclure des hyperliens ou des liens qui permettent d&#8217;acc\u00e9der \u00e0 des pages Web de tiers autres qu&#8217;Anira Be Hotels, et ne sont donc pas exploit\u00e9s par Anira Be Hotels. Les propri\u00e9taires de ces sites web auront leurs propres politiques de protection des donn\u00e9es, \u00e9tant eux-m\u00eames, dans chaque cas, responsables de leurs propres fichiers et de leurs propres pratiques de confidentialit\u00e9.<\/p><p><strong>R\u00e9clamations devant l&#8217;autorit\u00e9 de contr\u00f4le<\/strong><\/p><p>Dans le cas o\u00f9 l&#8217;utilisateur estimerait qu&#8217;il existe un probl\u00e8me ou une infraction \u00e0 la r\u00e9glementation en vigueur dans la mani\u00e8re dont ses donn\u00e9es personnelles sont trait\u00e9es, il aura droit \u00e0 une protection juridictionnelle effective et \u00e0 d\u00e9poser une r\u00e9clamation aupr\u00e8s d&#8217;une autorit\u00e9 de contr\u00f4le, notamment , dans l&#8217;\u00c9tat dans lequel vous avez votre r\u00e9sidence habituelle, votre lieu de travail ou le lieu de l&#8217;infraction all\u00e9gu\u00e9e. Dans le cas de l&#8217;Espagne, l&#8217;autorit\u00e9 de contr\u00f4le est l&#8217;Agence espagnole de protection des donn\u00e9es (http:\/\/www.agpd.es).<\/p><ol><li><strong> ACCEPTATION ET MODIFICATIONS DE CETTE POLITIQUE DE CONFIDENTIALIT\u00c9<\/strong><\/li><\/ol><p>Il est n\u00e9cessaire que l&#8217;utilisateur ait lu et accept\u00e9 les conditions de protection des donn\u00e9es personnelles contenues dans la pr\u00e9sente politique de confidentialit\u00e9, ainsi qu&#8217;il accepte le traitement de ses donn\u00e9es personnelles afin que le responsable du traitement puisse proc\u00e9der \u00e0 la m\u00eame chose dans le formulaire, pendant les p\u00e9riodes et aux fins indiqu\u00e9es. L&#8217;utilisation du site web implique l&#8217;acceptation de sa politique de confidentialit\u00e9.<\/p><p>Anira Be Hotels se r\u00e9serve le droit de modifier sa politique de confidentialit\u00e9, selon ses propres crit\u00e8res, ou motiv\u00e9e par un changement l\u00e9gislatif, jurisprudentiel ou doctrinal de l&#8217;Agence espagnole de protection des donn\u00e9es. Les modifications ou mises \u00e0 jour de cette politique de confidentialit\u00e9 ne seront pas explicitement notifi\u00e9es \u00e0 l&#8217;utilisateur. Il est recommand\u00e9 \u00e0 l&#8217;utilisateur de consulter p\u00e9riodiquement cette page pour \u00eatre au courant des derni\u00e8res modifications ou mises \u00e0 jour.<\/p><p>Cette politique de confidentialit\u00e9 a \u00e9t\u00e9 mise \u00e0 jour pour s&#8217;adapter au r\u00e8glement (UE) 2016\/679 du Parlement europ\u00e9en et du Conseil du 27 avril 2016 relatif \u00e0 la protection des personnes physiques \u00e0 l&#8217;\u00e9gard du traitement des donn\u00e9es \u00e0 caract\u00e8re personnel et \u00e0 la libre circulation de celles-ci. donn\u00e9es personnelles (RGPD) et la loi organique 3\/2018, du 5 d\u00e9cembre, sur la protection des donn\u00e9es personnelles et la garantie des droits num\u00e9riques.<\/p><p>Ce document de politique de confidentialit\u00e9 du site Web a \u00e9t\u00e9 cr\u00e9\u00e9 \u00e0 l&#8217;aide du g\u00e9n\u00e9rateur de mod\u00e8les de politique de confidentialit\u00e9 en ligne le 6\/7\/2022.<\/p><p>\u00a0<\/p>\t\t\t\t\t\t\t\t<\/div>\n\t\t\t\t<\/div>\n\t\t\t\t\t<\/div>\n\t\t<\/div>\n\t\t\t\t\t<\/div>\n\t\t<\/section>\n\t\t\t\t<\/div>\n\t\t","protected":false},"excerpt":{"rendered":"<p>POLITIQUE DE CONFIDENTIALIT\u00c9 DU SITE WEB www.anirabe.com POLITIQUE DE CONFIDENTIALIT\u00c9 ET PROTECTION DES DONN\u00c9ES Dans le respect des dispositions de la l\u00e9gislation en vigueur, Anira Be Hotels (ci-apr\u00e8s, \u00e9galement Site Web) s&#8217;engage \u00e0 adopter les mesures techniques et organisationnelles n\u00e9cessaires, en fonction du niveau de s\u00e9curit\u00e9 appropri\u00e9 au risque des donn\u00e9es collect\u00e9es. Lois incorpor\u00e9es dans [&hellip;]<\/p>\n","protected":false},"author":1,"featured_media":0,"parent":0,"menu_order":0,"comment_status":"closed","ping_status":"closed","template":"elementor_header_footer","meta":{"_acf_changed":false,"footnotes":""},"class_list":["post-40","page","type-page","status-publish","hentry"],"acf":[],"aioseo_notices":[],"_links":{"self":[{"href":"https:\/\/anirabehotels.com\/fr\/wp-json\/wp\/v2\/pages\/40","targetHints":{"allow":["GET"]}}],"collection":[{"href":"https:\/\/anirabehotels.com\/fr\/wp-json\/wp\/v2\/pages"}],"about":[{"href":"https:\/\/anirabehotels.com\/fr\/wp-json\/wp\/v2\/types\/page"}],"author":[{"embeddable":true,"href":"https:\/\/anirabehotels.com\/fr\/wp-json\/wp\/v2\/users\/1"}],"replies":[{"embeddable":true,"href":"https:\/\/anirabehotels.com\/fr\/wp-json\/wp\/v2\/comments?post=40"}],"version-history":[{"count":0,"href":"https:\/\/anirabehotels.com\/fr\/wp-json\/wp\/v2\/pages\/40\/revisions"}],"wp:attachment":[{"href":"https:\/\/anirabehotels.com\/fr\/wp-json\/wp\/v2\/media?parent=40"}],"curies":[{"name":"wp","href":"https:\/\/api.w.org\/{rel}","templated":true}]}}